{"id":7,"date":"2020-03-16T15:52:17","date_gmt":"2020-03-16T15:52:17","guid":{"rendered":"https:\/\/jameswhittall.com\/msj\/?page_id=7"},"modified":"2020-03-19T12:41:21","modified_gmt":"2020-03-19T17:41:21","slug":"crisis-crise-msj","status":"publish","type":"page","link":"https:\/\/jameswhittall.com\/msj\/crisis-crise-msj\/","title":{"rendered":"Crisis | Crise MSJ"},"content":{"rendered":"<h4>Chantal Cloutier<\/h4>\n<p><a href=\"mailto:chantl01@gmail.com\">chantl01@gmail.com<\/a><br \/>\n<em><strong>Operaciones de Crisis\/Op\u00e9rations de crise\/Crisis Operations<\/strong><\/em><br \/>\nRespuesta operacional general a la crisis y recuperaci\u00f3n de la misma. R\u00e9ponse op\u00e9rationnelle globale \u00e0 la crise et reprise apr\u00e8s celle-ci. Overall operational response to, and recovery from, the crisis event.<\/p>\n<h4>Stephane D&#8217;aragon<\/h4>\n<p><a href=\"mailto:blikil@outlook.com\">blikil@outlook.com<\/a><br \/>\n<em><strong>Seguridad\/S\u00e9curit\u00e9\/Security<\/strong><\/em><br \/>\nCoordinaci\u00f3n de la seguridad de los voluntarios en las puertas y el acceso a la playa (Neighbourhood Watch), apoyo mec\u00e1nico para los generadores de casa y de sitio, y respuesta m\u00e9dica de emergencia. Coordination b\u00e9n\u00e9vole de la s\u00e9curit\u00e9 aux portes et \u00e0 l&#8217;acc\u00e8s \u00e0 la plage (surveillance de quartier), soutien m\u00e9canique des g\u00e9n\u00e9rateurs des maisons et des sites, et intervention m\u00e9dicale d&#8217;urgence. Volunteer security coordination at the gates and beach access (Neighbourhood Watch), mechanical support for home and site generators, and emergency medical response.<\/p>\n<h4>Claude Dugas<\/h4>\n<p><em><strong>Operaciones Logisticas\/Logistics Operations<\/strong><\/em><br \/>\nAdquisici\u00f3n y distribuci\u00f3n de recursos residentes.\/Achat et distribution des ressources des r\u00e9sidents.\/Resident resources procurement and distribution.<\/p>\n<h4>Karen Kemp<\/h4>\n<p><a href=\"mailto:karenks1000@gmail.com\">karenks1000@gmail.com<\/a><br \/>\n<em><strong>Enlace de negocios\/Liaison avec les entreprises\/Business Liaison<\/strong><\/em><br \/>\nLas necesidades de las empresas locales para la reanudaci\u00f3n del servicio. Les entreprises locales ont besoin d&#8217;une reprise de service. Local business needs for service resumption.<\/p>\n<h4>Tom Shipley<\/h4>\n<p><a href=\"mailto:l.thomas.shipley@gmail.com\">l.thomas.shipley@gmail.com<\/a><br \/>\n<em><strong>Gesti\u00f3n del agua\/Gestion de l&#8217;eau\/Water Management<\/strong><\/em><br \/>\nLa obtenci\u00f3n, la entrega y la distribuci\u00f3n de agua. L&#8217;approvisionnement, la livraison et la distribution de l&#8217;eau. Sourcing, delivery, and distribution of water.<\/p>\n<h4>Dennis Southgate and Brenda Bourgeault Southgate<\/h4>\n<p><em><strong>Recaudaci\u00f3n de fondos\/Collecte de fonds\/Fundraising<\/strong><\/em><br \/>\nNecesidades de efectivo inmediatas, a medio y largo plazo. Besoins en liquidit\u00e9s imm\u00e9diats, \u00e0 moyen et \u00e0 long terme. Immediate, medium-term, and long-term cash needs.<\/p>\n<h4>James Whittall<\/h4>\n<p><a href=\"mailto:jameswhittall@outlook.com\">jameswhittall@outlook.com<\/a><br \/>\n<em><strong>Comunicaciones\/Communications<\/strong><\/em><br \/>\nComunicaciones escritas a los propietarios sobre las actividades del comit\u00e9 de gesti\u00f3n de crisis. Communications \u00e9crites aux propri\u00e9taires sur les activit\u00e9s du comit\u00e9 de gestion de crise. Written communications to homeowners about the activities of the crisis management committee.<\/p>\n","protected":false},"excerpt":{"rendered":"<p>Chantal Cloutier chantl01@gmail.com Operaciones de Crisis\/Op\u00e9rations de crise\/Crisis Operations Respuesta operacional general a la crisis y recuperaci\u00f3n de la misma. R\u00e9ponse op\u00e9rationnelle globale \u00e0 la crise et reprise apr\u00e8s celle-ci. Overall operational response to, and recovery from, the crisis event. Stephane D&#8217;aragon blikil@outlook.com Seguridad\/S\u00e9curit\u00e9\/Security Coordinaci\u00f3n de la seguridad de los voluntarios en las puertas y [&hellip;]<\/p>\n","protected":false},"author":1,"featured_media":0,"parent":0,"menu_order":0,"comment_status":"closed","ping_status":"closed","template":"","meta":{"footnotes":""},"class_list":["post-7","page","type-page","status-publish","hentry"],"_links":{"self":[{"href":"https:\/\/jameswhittall.com\/msj\/wp-json\/wp\/v2\/pages\/7","targetHints":{"allow":["GET"]}}],"collection":[{"href":"https:\/\/jameswhittall.com\/msj\/wp-json\/wp\/v2\/pages"}],"about":[{"href":"https:\/\/jameswhittall.com\/msj\/wp-json\/wp\/v2\/types\/page"}],"author":[{"embeddable":true,"href":"https:\/\/jameswhittall.com\/msj\/wp-json\/wp\/v2\/users\/1"}],"replies":[{"embeddable":true,"href":"https:\/\/jameswhittall.com\/msj\/wp-json\/wp\/v2\/comments?post=7"}],"version-history":[{"count":9,"href":"https:\/\/jameswhittall.com\/msj\/wp-json\/wp\/v2\/pages\/7\/revisions"}],"predecessor-version":[{"id":202,"href":"https:\/\/jameswhittall.com\/msj\/wp-json\/wp\/v2\/pages\/7\/revisions\/202"}],"wp:attachment":[{"href":"https:\/\/jameswhittall.com\/msj\/wp-json\/wp\/v2\/media?parent=7"}],"curies":[{"name":"wp","href":"https:\/\/api.w.org\/{rel}","templated":true}]}}